{"id":1120,"date":"2021-01-26T15:46:14","date_gmt":"2021-01-26T07:46:14","guid":{"rendered":"https:\/\/scpt.com.mo\/?page_id=1120"},"modified":"2021-03-22T10:11:11","modified_gmt":"2021-03-22T02:11:11","slug":"areas-de-actividade","status":"publish","type":"page","link":"https:\/\/scpt.com.mo\/pt-pt\/areas-de-actividade\/","title":{"rendered":"\u00c1reas de Actividade"},"content":{"rendered":"<p>[vc_row][vc_column]\n<!-- ======================= Practise Area Style Three =================== -->\n\n<section class=\"container practise_area_style_three\">\n    <div class=\"practise_item_wrapper\">\n        <div class=\"practise_item row\">\n                    <div class=\"single_item col-lg-3 col-md-3 col-sm-6 col-xs-12\">\n                <span class=\"transition3s ficon flaticon1-house\"><\/span>\n                <h4>Direito Imobili\u00e1rio<\/h4>\n                <p>SCPT tem lidado com todo o tipo de transac\u00e7\u00f5es e...<\/p>\n                <a href=\"https:\/\/scpt.com.mo\/pt-pt\/practice-area\/direito-imobiliario\/\" class=\"transition3s\">Ler mais<\/a>\n            <\/div> <!-- End .single_item -->\n\t\t\t            <div class=\"single_item col-lg-3 col-md-3 col-sm-6 col-xs-12\">\n                <span class=\"transition3s ficon flaticon-moneyline\"><\/span>\n                <h4>Direito Banc\u00e1rio e Financeiro<\/h4>\n                <p>Desde o seu in\u00edcio, SCPT tem prestado assist\u00eancia jur\u00eddica a...<\/p>\n                <a href=\"https:\/\/scpt.com.mo\/pt-pt\/practice-area\/direito-bancario-e-financeiro\/\" class=\"transition3s\">Ler mais<\/a>\n            <\/div> <!-- End .single_item -->\n\t\t\t            <div class=\"single_item col-lg-3 col-md-3 col-sm-6 col-xs-12\">\n                <span class=\"transition3s ficon flaticon1-cards\"><\/span>\n                <h4>Direito do Jogo<\/h4>\n                <p>As quest\u00f5es jur\u00eddicas do jogo em Macau foram sempre uma...<\/p>\n                <a href=\"https:\/\/scpt.com.mo\/pt-pt\/practice-area\/direito-do-jogo\/\" class=\"transition3s\">Ler mais<\/a>\n            <\/div> <!-- End .single_item -->\n\t\t\t            <div class=\"single_item col-lg-3 col-md-3 col-sm-6 col-xs-12\">\n                <span class=\"transition3s ficon flaticon-business\"><\/span>\n                <h4>Direito Comercial e Societ\u00e1rio<\/h4>\n                <p>O nosso escrit\u00f3rio lida com todo o tipo de quest\u00f5es...<\/p>\n                <a href=\"https:\/\/scpt.com.mo\/pt-pt\/practice-area\/direito-comercial-e-societario\/\" class=\"transition3s\">Ler mais<\/a>\n            <\/div> <!-- End .single_item -->\n\t\t\t            <div class=\"single_item col-lg-3 col-md-3 col-sm-6 col-xs-12\">\n                <span class=\"transition3s ficon flaticon-childline\"><\/span>\n                <h4>Direito da Fam\u00edlia e das Sucess\u00f5es<\/h4>\n                <p>Desde que se estabeleceu, SCPT tem lidado, judicial e extrajudicialmente,...<\/p>\n                <a href=\"https:\/\/scpt.com.mo\/pt-pt\/practice-area\/direito-da-familia-e-das-sucessoes\/\" class=\"transition3s\">Ler mais<\/a>\n            <\/div> <!-- End .single_item -->\n\t\t\t            <div class=\"single_item col-lg-3 col-md-3 col-sm-6 col-xs-12\">\n                <span class=\"transition3s ficon flaticon1-agreement\"><\/span>\n                <h4>Notariado e Registos<\/h4>\n                <p>Desde a sua funda\u00e7\u00e3o, o escrit\u00f3rio tem dado prioridade \u00e0...<\/p>\n                <a href=\"https:\/\/scpt.com.mo\/pt-pt\/practice-area\/notariado-e-registos\/\" class=\"transition3s\">Ler mais<\/a>\n            <\/div> <!-- End .single_item -->\n\t\t\t            <div class=\"single_item col-lg-3 col-md-3 col-sm-6 col-xs-12\">\n                <span class=\"transition3s ficon flaticon1-tax\"><\/span>\n                <h4>Direito Fiscal<\/h4>\n                <p>O nosso escrit\u00f3rio tem uma longa pr\u00e1tica em mat\u00e9ria tribut\u00e1ria,...<\/p>\n                <a href=\"https:\/\/scpt.com.mo\/pt-pt\/practice-area\/direito-fiscal\/\" class=\"transition3s\">Ler mais<\/a>\n            <\/div> <!-- End .single_item -->\n\t\t\t            <div class=\"single_item col-lg-3 col-md-3 col-sm-6 col-xs-12\">\n                <span class=\"transition3s ficon flaticon-buildings\"><\/span>\n                <h4>Direito Administrativo e P\u00fablico<\/h4>\n                <p>Desde a sua funda\u00e7\u00e3o, SCPT tem tratado de diversos assuntos...<\/p>\n                <a href=\"https:\/\/scpt.com.mo\/pt-pt\/practice-area\/direito-administrativo-e-publico\/\" class=\"transition3s\">Ler mais<\/a>\n            <\/div> <!-- End .single_item -->\n\t\t\t            <div class=\"single_item col-lg-3 col-md-3 col-sm-6 col-xs-12\">\n                <span class=\"transition3s ficon flaticon-user2\"><\/span>\n                <h4>Direito Civil<\/h4>\n                <p>O escrit\u00f3rio lida com todo o tipo de quest\u00f5es civis,...<\/p>\n                <a href=\"https:\/\/scpt.com.mo\/pt-pt\/practice-area\/direito-civil\/\" class=\"transition3s\">Ler mais<\/a>\n            <\/div> <!-- End .single_item -->\n\t\t\t            <div class=\"single_item col-lg-3 col-md-3 col-sm-6 col-xs-12\">\n                <span class=\"transition3s ficon flaticon-buildingsline\"><\/span>\n                <h4>Direito do Trabalho<\/h4>\n                <p>SCPT tem lidado, judicial e extrajudicialmente, com um vasto tipo...<\/p>\n                <a href=\"https:\/\/scpt.com.mo\/pt-pt\/practice-area\/direito-do-trabalho\/\" class=\"transition3s\">Ler mais<\/a>\n            <\/div> <!-- End .single_item -->\n\t\t\t            <div class=\"single_item col-lg-3 col-md-3 col-sm-6 col-xs-12\">\n                <span class=\"transition3s ficon flaticon1-brain\"><\/span>\n                <h4>Propriedade Intelectual e Industrial<\/h4>\n                <p>O nosso escrit\u00f3rio tem uma longa experi\u00eancia na assessoria e...<\/p>\n                <a href=\"https:\/\/scpt.com.mo\/pt-pt\/practice-area\/propriedade-intelectual-e-industrial\/\" class=\"transition3s\">Ler mais<\/a>\n            <\/div> <!-- End .single_item -->\n\t\t\t            <div class=\"single_item col-lg-3 col-md-3 col-sm-6 col-xs-12\">\n                <span class=\"transition3s ficon flaticon-heartline\"><\/span>\n                <h4>Direito M\u00e9dico<\/h4>\n                <p>Desde a sua funda\u00e7\u00e3o, SCPT tem prestado assist\u00eancia jur\u00eddica, judicial...<\/p>\n                <a href=\"https:\/\/scpt.com.mo\/pt-pt\/practice-area\/direito-medico\/\" class=\"transition3s\">Ler mais<\/a>\n            <\/div> <!-- End .single_item -->\n\t\t\t            <div class=\"single_item col-lg-3 col-md-3 col-sm-6 col-xs-12\">\n                <span class=\"transition3s ficon flaticon3-security-camera\"><\/span>\n                <h4>Protec\u00e7\u00e3o de Dados Pessoais<\/h4>\n                <p>CPT tem prestado assist\u00eancia a uma grande variedade de clientes,...<\/p>\n                <a href=\"https:\/\/scpt.com.mo\/pt-pt\/practice-area\/lei-da-proteccao-de-dados-pessoais\/\" class=\"transition3s\">Ler mais<\/a>\n            <\/div> <!-- End .single_item -->\n\t\t\t            <div class=\"single_item col-lg-3 col-md-3 col-sm-6 col-xs-12\">\n                <span class=\"transition3s ficon flaticon-justiceline\"><\/span>\n                <h4>Resolu\u00e7\u00e3o de Lit\u00edgios e Disputas<\/h4>\n                <p>Uma parte substancial da pr\u00e1tica SCPT sempre foi a assessoria...<\/p>\n                <a href=\"https:\/\/scpt.com.mo\/pt-pt\/practice-area\/resolucao-de-litigios-e-disputas\/\" class=\"transition3s\">Ler mais<\/a>\n            <\/div> <!-- End .single_item -->\n\t\t\t        <\/div> <!-- End .practise_item -->\n    <\/div> <!-- End .practise_item_wrapper -->\n<\/section>\n\n<!-- ========================= \/Practise Area Style Three =================== -->\n\n[\/vc_column][\/vc_row]<\/p>\n","protected":false},"excerpt":{"rendered":"<p>[vc_row][vc_column][\/vc_column][\/vc_row]<\/p>\n","protected":false},"author":1,"featured_media":0,"parent":0,"menu_order":3,"comment_status":"closed","ping_status":"closed","template":"tpl-visual_composer.php","meta":{"footnotes":""},"class_list":["post-1120","page","type-page","status-publish","hentry"],"acf":[],"_links":{"self":[{"href":"https:\/\/scpt.com.mo\/pt-pt\/wp-json\/wp\/v2\/pages\/1120","targetHints":{"allow":["GET"]}}],"collection":[{"href":"https:\/\/scpt.com.mo\/pt-pt\/wp-json\/wp\/v2\/pages"}],"about":[{"href":"https:\/\/scpt.com.mo\/pt-pt\/wp-json\/wp\/v2\/types\/page"}],"author":[{"embeddable":true,"href":"https:\/\/scpt.com.mo\/pt-pt\/wp-json\/wp\/v2\/users\/1"}],"replies":[{"embeddable":true,"href":"https:\/\/scpt.com.mo\/pt-pt\/wp-json\/wp\/v2\/comments?post=1120"}],"version-history":[{"count":0,"href":"https:\/\/scpt.com.mo\/pt-pt\/wp-json\/wp\/v2\/pages\/1120\/revisions"}],"wp:attachment":[{"href":"https:\/\/scpt.com.mo\/pt-pt\/wp-json\/wp\/v2\/media?parent=1120"}],"curies":[{"name":"wp","href":"https:\/\/api.w.org\/{rel}","templated":true}]}}