{"id":1110,"date":"2021-01-26T15:21:14","date_gmt":"2021-01-26T07:21:14","guid":{"rendered":"https:\/\/scpt.com.mo\/?page_id=1110"},"modified":"2021-03-22T10:11:03","modified_gmt":"2021-03-22T02:11:03","slug":"o-nosso-escritorio","status":"publish","type":"page","link":"https:\/\/scpt.com.mo\/pt-pt\/o-nosso-escritorio\/","title":{"rendered":"O Nosso Escrit\u00f3rio"},"content":{"rendered":"<p>[vc_row el_id=&#8221;scpt-content-right&#8221;][vc_column width=&#8221;1\/3&#8243; el_class=&#8221;our-team-images&#8221;][vc_empty_space height=&#8221;10px&#8221;][vc_single_image image=&#8221;1009&#8243; img_size=&#8221;medium&#8221;][vc_empty_space height=&#8221;30px&#8221;][vc_single_image image=&#8221;722&#8243; img_size=&#8221;300&#215;143&#8243;][vc_empty_space height=&#8221;30px&#8221;][vc_single_image image=&#8221;727&#8243; img_size=&#8221;medium&#8221;][\/vc_column][vc_column width=&#8221;2\/3&#8243;][vc_column_text]SCPT \u00e9 um escrit\u00f3rio de advogados e not\u00e1rios privados estabelecido em Macau desde Outubro de 2001, a par da cria\u00e7\u00e3o da Regi\u00e3o Administrativa Especial de Macau e do lan\u00e7amento do primeiro concurso p\u00fablico para a atribui\u00e7\u00e3o de tr\u00eas concess\u00f5es para explora\u00e7\u00e3o de jogos de fortuna ou azar em casino em Macau, no qual desempenhou um papel activo providenciando com sucesso assessoria a um dos seus vencedores, actualmente uma conceituada concession\u00e1ria de jogo em casino de Macau.<\/p>\n<p>Os s\u00f3cios fundadores, al\u00e9m da experi\u00eancia anterior na \u00e1rea jur\u00eddica adquirida em Portugal, colaboraram e trabalharam noutro importante escrit\u00f3rio de advocacia em Macau durante cerca de 8 anos, antes de co-fundarem e estabelecerem o escrit\u00f3rio SCPT, onde continuam a sua pr\u00e1tica como advogados e not\u00e1rios privados.<\/p>\n<p>Juntaram-se ao escrit\u00f3rio SCPT v\u00e1rios outros advogados, not\u00e1rios privados e membros da equipa de apoio, que se estabeleceram como profissionais competentes e experientes e deram uma contribui\u00e7\u00e3o inestim\u00e1vel na expans\u00e3o e consolida\u00e7\u00e3o da pr\u00e1tica SCPT.<\/p>\n<p>A nossa equipa re\u00fane advogados multilingues, not\u00e1rios privados e outros profissionais com uma longa e vasta experi\u00eancia no sector jur\u00eddico de Macau, assegurando um servi\u00e7o de elevada qualidade e fiabilidade.<\/p>\n<p>Estabelecemos uma rela\u00e7\u00e3o de longa data e de confian\u00e7a com os nossos clientes, que v\u00e3o desde o normal cidad\u00e3o a empresas, grandes sociedades e outros clientes institucionais, tanto locais e nacionais como internacionais, nomeadamente de Hong Kong e outras regi\u00f5es da China, outros pa\u00edses da \u00c1sia e Europa, Estados Unidos da Am\u00e9rica e Austr\u00e1lia, bem como escrit\u00f3rios de advocacia de todo o mundo.<\/p>\n<p>Desde o seu estabelecimento, SCPT tem providenciado aconselhamento e assist\u00eancia a esses clientes relativamente \u00e0 legisla\u00e7\u00e3o de Macau numa vasta gama de \u00e1reas e casos, incluindo imobili\u00e1rio, jogo em casino e outras ind\u00fastrias e servi\u00e7os em Macau, de forma competente, confi\u00e1vel e profissional, prestando consultadoria, due diligence, assist\u00eancia e negocia\u00e7\u00e3o relacionadas com transac\u00e7\u00f5es, procedimentos relacionados com registo e licenciamento, representa\u00e7\u00e3o em Tribunal, transmiss\u00f5es de bens im\u00f3veis e outros servi\u00e7os notariais, bem como outros servi\u00e7os jur\u00eddicos importantes.[\/vc_column_text][\/vc_column][\/vc_row]<\/p>\n","protected":false},"excerpt":{"rendered":"<p>[vc_row el_id=&#8221;scpt-content-right&#8221;][vc_column width=&#8221;1\/3&#8243; el_class=&#8221;our-team-images&#8221;][vc_empty_space height=&#8221;10px&#8221;][vc_single_image image=&#8221;1009&#8243; img_size=&#8221;medium&#8221;][vc_empty_space height=&#8221;30px&#8221;][vc_single_image image=&#8221;722&#8243; img_size=&#8221;300&#215;143&#8243;][vc_empty_space height=&#8221;30px&#8221;][vc_single_image image=&#8221;727&#8243; img_size=&#8221;medium&#8221;][\/vc_column][vc_column width=&#8221;2\/3&#8243;][vc_column_text]SCPT \u00e9 um escrit\u00f3rio de advogados e not\u00e1rios privados estabelecido em Macau desde Outubro de 2001, a par da cria\u00e7\u00e3o da Regi\u00e3o Administrativa Especial de Macau e do lan\u00e7amento do primeiro concurso p\u00fablico para a atribui\u00e7\u00e3o de tr\u00eas concess\u00f5es para explora\u00e7\u00e3o de<\/p>\n","protected":false},"author":1,"featured_media":0,"parent":0,"menu_order":2,"comment_status":"closed","ping_status":"closed","template":"","meta":{"footnotes":""},"class_list":["post-1110","page","type-page","status-publish","hentry"],"acf":[],"_links":{"self":[{"href":"https:\/\/scpt.com.mo\/pt-pt\/wp-json\/wp\/v2\/pages\/1110","targetHints":{"allow":["GET"]}}],"collection":[{"href":"https:\/\/scpt.com.mo\/pt-pt\/wp-json\/wp\/v2\/pages"}],"about":[{"href":"https:\/\/scpt.com.mo\/pt-pt\/wp-json\/wp\/v2\/types\/page"}],"author":[{"embeddable":true,"href":"https:\/\/scpt.com.mo\/pt-pt\/wp-json\/wp\/v2\/users\/1"}],"replies":[{"embeddable":true,"href":"https:\/\/scpt.com.mo\/pt-pt\/wp-json\/wp\/v2\/comments?post=1110"}],"version-history":[{"count":0,"href":"https:\/\/scpt.com.mo\/pt-pt\/wp-json\/wp\/v2\/pages\/1110\/revisions"}],"wp:attachment":[{"href":"https:\/\/scpt.com.mo\/pt-pt\/wp-json\/wp\/v2\/media?parent=1110"}],"curies":[{"name":"wp","href":"https:\/\/api.w.org\/{rel}","templated":true}]}}