{"id":1107,"date":"2021-01-26T15:11:20","date_gmt":"2021-01-26T07:11:20","guid":{"rendered":"https:\/\/scpt.com.mo\/?page_id=1107"},"modified":"2021-10-21T19:32:40","modified_gmt":"2021-10-21T11:32:40","slug":"inicio","status":"publish","type":"page","link":"https:\/\/scpt.com.mo\/pt-pt\/","title":{"rendered":"In\u00edcio"},"content":{"rendered":"<p>[vc_row el_class=&#8221;banner&#8221;][vc_column el_class=&#8221;main_slider&#8221;][rev_slider_vc alias=&#8221;home-slider-pt&#8221;][\/vc_column][\/vc_row][vc_row el_class=&#8221;scpt-banner&#8221;][vc_column el_class=&#8221;homepage-about-us&#8221;]\n\n<!-- =================== We are Right Firm Style two ================= -->\n\n    <section class=\"right_firm container right_firm_style_two\">\n        <div class=\"title_holder_center title_holder\">\n            <p class=\"upper_title\">Sobre N\u00f3s<\/p>\n            <h3>Somos <span class=\"firm\">SCPT<\/span><\/h3>\n            <span><\/span>\n            <p>SCPT \u00e9 um escrit\u00f3rio de advogados e not\u00e1rios privados estabelecido e a exercer em Macau desde Outubro de 2001\u2026<\/p>\n        <\/div> <!-- \/title_holder_center -->\n    <\/section>\n\n<!-- =================== \/We are Right Firm Style two  ================ -->\n\n[vc_empty_space height=&#8221;20px&#8221;][vc_btn title=&#8221;Ler mais&#8221; style=&#8221;custom&#8221; custom_background=&#8221;#253569&#8243; custom_text=&#8221;#ffffff&#8221; shape=&#8221;square&#8221; align=&#8221;center&#8221; el_class=&#8221;homepage-more-btn&#8221; link=&#8221;url:https%3A%2F%2Fscpt.com.mo%2Fpt-pt%2Fo-nosso-escritorio%2F|title:O%20Nosso%20Escrit%C3%B3rio||&#8221;][\/vc_column][\/vc_row][vc_row el_class=&#8221;scpt-banner&#8221;][vc_column css_animation=&#8221;none&#8221;]\n\n<!-- ========================== Our Attorneys ========================-->\n\n<section class=\"our_attorney container\">\n    <div class=\"title_holder_center title_holder\">\n        <p class=\"upper_title\"><\/p>\n        <h3>A Nossa <span>Equipa<\/span><\/h3>\n        <span><\/span>\n        <p>A nossa equipa re\u00fane advogados multilingues, not\u00e1rios privados e outros profissionais com uma longa e vasta experi\u00eancia no sector jur\u00eddico de Macau\u2026<\/p>\n    <\/div>\n\n    <div class=\"row owl_slider\">\n        <div id=\"attorney_slider\">\n                        <div class=\"item\">\n              <div class=\"attorney_member\">\n                  <div class=\"img_holder\">\n                      <a href=\"https:\/\/scpt.com.mo\/pt-pt\/teams\/ricardo-sa-carneiro\/\">\n                        <img loading=\"lazy\" decoding=\"async\" width=\"396\" height=\"564\" src=\"https:\/\/scpt.com.mo\/wp-content\/uploads\/2016\/06\/scpt-ricardo-sa-carneiro-01.jpg\" class=\"img-responsive wp-post-image\" alt=\"\" srcset=\"https:\/\/scpt.com.mo\/wp-content\/uploads\/2016\/06\/scpt-ricardo-sa-carneiro-01.jpg 396w, https:\/\/scpt.com.mo\/wp-content\/uploads\/2016\/06\/scpt-ricardo-sa-carneiro-01-211x300.jpg 211w\" sizes=\"auto, (max-width: 396px) 100vw, 396px\" \/>                        <div class=\"hover-img\"><div class=\"hover-img-content\"><\/div><\/div>\n                      <\/a>\n                  <\/div> <!-- \/img_holder -->\n                  <div class=\"text\">\n                      <a href=\"https:\/\/scpt.com.mo\/pt-pt\/teams\/ricardo-sa-carneiro\/\"><h4>Ricardo S\u00e1 Carneiro<\/h4><\/a>\n                      <span>S\u00f3cio Fundador <br \/>Advogado e Not\u00e1rio Privado<\/span>\n                  <\/div>\n              <\/div> <!-- \/attorney_member -->\n            <\/div>\n\t\t\t            <div class=\"item\">\n              <div class=\"attorney_member\">\n                  <div class=\"img_holder\">\n                      <a href=\"https:\/\/scpt.com.mo\/pt-pt\/teams\/goncalo-pinheiro-torres\/\">\n                        <img loading=\"lazy\" decoding=\"async\" width=\"396\" height=\"564\" src=\"https:\/\/scpt.com.mo\/wp-content\/uploads\/2018\/04\/scpt-goncalo-pinheiro-torres-01.jpg\" class=\"img-responsive wp-post-image\" alt=\"\" srcset=\"https:\/\/scpt.com.mo\/wp-content\/uploads\/2018\/04\/scpt-goncalo-pinheiro-torres-01.jpg 396w, https:\/\/scpt.com.mo\/wp-content\/uploads\/2018\/04\/scpt-goncalo-pinheiro-torres-01-211x300.jpg 211w\" sizes=\"auto, (max-width: 396px) 100vw, 396px\" \/>                        <div class=\"hover-img\"><div class=\"hover-img-content\"><\/div><\/div>\n                      <\/a>\n                  <\/div> <!-- \/img_holder -->\n                  <div class=\"text\">\n                      <a href=\"https:\/\/scpt.com.mo\/pt-pt\/teams\/goncalo-pinheiro-torres\/\"><h4>Gon\u00e7alo Pinheiro Torres<\/h4><\/a>\n                      <span>S\u00f3cio Fundador <br \/>Advogado e Not\u00e1rio Privado<\/span>\n                  <\/div>\n              <\/div> <!-- \/attorney_member -->\n            <\/div>\n\t\t\t            <div class=\"item\">\n              <div class=\"attorney_member\">\n                  <div class=\"img_holder\">\n                      <a href=\"https:\/\/scpt.com.mo\/pt-pt\/teams\/jose-costa\/\">\n                        <img loading=\"lazy\" decoding=\"async\" width=\"396\" height=\"564\" src=\"https:\/\/scpt.com.mo\/wp-content\/uploads\/2018\/04\/scpt-jose-costa-01.jpg\" class=\"img-responsive wp-post-image\" alt=\"\" srcset=\"https:\/\/scpt.com.mo\/wp-content\/uploads\/2018\/04\/scpt-jose-costa-01.jpg 396w, https:\/\/scpt.com.mo\/wp-content\/uploads\/2018\/04\/scpt-jose-costa-01-211x300.jpg 211w\" sizes=\"auto, (max-width: 396px) 100vw, 396px\" \/>                        <div class=\"hover-img\"><div class=\"hover-img-content\"><\/div><\/div>\n                      <\/a>\n                  <\/div> <!-- \/img_holder -->\n                  <div class=\"text\">\n                      <a href=\"https:\/\/scpt.com.mo\/pt-pt\/teams\/jose-costa\/\"><h4>Jos\u00e9 Costa<\/h4><\/a>\n                      <span>S\u00f3cio S\u00e9nior <br \/>Advogado<\/span>\n                  <\/div>\n              <\/div> <!-- \/attorney_member -->\n            <\/div>\n\t\t\t            <div class=\"item\">\n              <div class=\"attorney_member\">\n                  <div class=\"img_holder\">\n                      <a href=\"https:\/\/scpt.com.mo\/pt-pt\/teams\/joana-sales-leitao\/\">\n                        <img loading=\"lazy\" decoding=\"async\" width=\"396\" height=\"564\" src=\"https:\/\/scpt.com.mo\/wp-content\/uploads\/2018\/04\/scpt-joana-sales-leitao-01.jpg\" class=\"img-responsive wp-post-image\" alt=\"\" srcset=\"https:\/\/scpt.com.mo\/wp-content\/uploads\/2018\/04\/scpt-joana-sales-leitao-01.jpg 396w, https:\/\/scpt.com.mo\/wp-content\/uploads\/2018\/04\/scpt-joana-sales-leitao-01-211x300.jpg 211w\" sizes=\"auto, (max-width: 396px) 100vw, 396px\" \/>                        <div class=\"hover-img\"><div class=\"hover-img-content\"><\/div><\/div>\n                      <\/a>\n                  <\/div> <!-- \/img_holder -->\n                  <div class=\"text\">\n                      <a href=\"https:\/\/scpt.com.mo\/pt-pt\/teams\/joana-sales-leitao\/\"><h4>Joana Sales Leit\u00e3o<\/h4><\/a>\n                      <span>S\u00f3cia S\u00e9nior <br \/>Advogada<\/span>\n                  <\/div>\n              <\/div> <!-- \/attorney_member -->\n            <\/div>\n\t\t\t        <\/div> <!-- \/#attorney_slider -->\n        <div class=\"customNavigation\">\n             <a class=\"prev transition3s\"><i class=\"fa fa-angle-left\"><\/i><\/a>\n             <a class=\"next transition3s\"><i class=\"fa fa-angle-right\"><\/i><\/a>\n        <\/div>\n    <\/div> <!-- \/owl_slider -->\n<\/section> <!-- \/our_attorney -->\n\n<!-- ========================== \/Our Attorneys ========================-->\n\n[vc_empty_space height=&#8221;20px&#8221;][vc_btn title=&#8221;Ver mais&#8221; style=&#8221;custom&#8221; custom_background=&#8221;#253569&#8243; custom_text=&#8221;#ffffff&#8221; shape=&#8221;square&#8221; align=&#8221;center&#8221; el_class=&#8221;homepage-more-btn&#8221; link=&#8221;url:https%3A%2F%2Fscpt.com.mo%2Fpt-pt%2Fa-nossa-equipa%2F|title:A%20Nossa%20Equipa||&#8221;][\/vc_column][\/vc_row][vc_row][vc_column css_animation=&#8221;none&#8221;]\n\n<!-- ======================= Practise Area Style Two =================== -->\n\n<section class=\"practise_area container practise_area_style_two\">\n    <div class=\"title_holder_center title_holder\">\n        <p class=\"upper_title\"><\/p>\n        <h3>\u00c1reas de <span>Actividade<\/span><\/h3>\n        <span><\/span>\n        <p>Desde o seu estabelecimento, SCPT tem providenciado aconselhamento e assist\u00eancia a clientes relativamente \u00e0 legisla\u00e7\u00e3o de Macau numa vasta gama de \u00e1reas...<\/p>\n    <\/div> <!-- \/title_holder_center -->\n\n\n    <div class=\"practise_item_wrapper\">\n        <div class=\"practise_item\">\n                                     \t<div class=\"single_item transition3s\">\n                    <div class=\"bg transition3s\"><span class=\"ficon flaticon1-house\"><\/span><\/div>\n                    <h4>Direito Imobili\u00e1rio<\/h4>\n                    <p>SCPT tem lidado com todo o tipo de transac\u00e7\u00f5es e...<\/p>\n                    <!--<a href=\"https:\/\/scpt.com.mo\/pt-pt\/practice-area\/direito-imobiliario\/\" class=\"transition3s\">Ler mais<\/a>-->\n                <\/div> <!-- End .single_item -->\n\t\t\t                         \t<div class=\"single_item transition3s\">\n                    <div class=\"bg transition3s\"><span class=\"ficon flaticon-moneyline\"><\/span><\/div>\n                    <h4>Direito Banc\u00e1rio e Financeiro<\/h4>\n                    <p>Desde o seu in\u00edcio, SCPT tem prestado assist\u00eancia jur\u00eddica a...<\/p>\n                    <!--<a href=\"https:\/\/scpt.com.mo\/pt-pt\/practice-area\/direito-bancario-e-financeiro\/\" class=\"transition3s\">Ler mais<\/a>-->\n                <\/div> <!-- End .single_item -->\n\t\t\t                         \t<div class=\"single_item transition3s\">\n                    <div class=\"bg transition3s\"><span class=\"ficon flaticon1-cards\"><\/span><\/div>\n                    <h4>Direito do Jogo<\/h4>\n                    <p>As quest\u00f5es jur\u00eddicas do jogo em Macau foram sempre uma...<\/p>\n                    <!--<a href=\"https:\/\/scpt.com.mo\/pt-pt\/practice-area\/direito-do-jogo\/\" class=\"transition3s\">Ler mais<\/a>-->\n                <\/div> <!-- End .single_item -->\n\t\t\t                             <\/div><div class=\"practise_item\">\n                        \t<div class=\"single_item transition3s\">\n                    <div class=\"bg transition3s\"><span class=\"ficon flaticon-business\"><\/span><\/div>\n                    <h4>Direito Comercial e Societ\u00e1rio<\/h4>\n                    <p>O nosso escrit\u00f3rio lida com todo o tipo de quest\u00f5es...<\/p>\n                    <!--<a href=\"https:\/\/scpt.com.mo\/pt-pt\/practice-area\/direito-comercial-e-societario\/\" class=\"transition3s\">Ler mais<\/a>-->\n                <\/div> <!-- End .single_item -->\n\t\t\t                         \t<div class=\"single_item transition3s\">\n                    <div class=\"bg transition3s\"><span class=\"ficon flaticon-childline\"><\/span><\/div>\n                    <h4>Direito da Fam\u00edlia e das Sucess\u00f5es<\/h4>\n                    <p>Desde que se estabeleceu, SCPT tem lidado, judicial e extrajudicialmente,...<\/p>\n                    <!--<a href=\"https:\/\/scpt.com.mo\/pt-pt\/practice-area\/direito-da-familia-e-das-sucessoes\/\" class=\"transition3s\">Ler mais<\/a>-->\n                <\/div> <!-- End .single_item -->\n\t\t\t                         \t<div class=\"single_item transition3s\">\n                    <div class=\"bg transition3s\"><span class=\"ficon flaticon1-agreement\"><\/span><\/div>\n                    <h4>Notariado e Registos<\/h4>\n                    <p>Desde a sua funda\u00e7\u00e3o, o escrit\u00f3rio tem dado prioridade \u00e0...<\/p>\n                    <!--<a href=\"https:\/\/scpt.com.mo\/pt-pt\/practice-area\/notariado-e-registos\/\" class=\"transition3s\">Ler mais<\/a>-->\n                <\/div> <!-- End .single_item -->\n\t\t\t\t\t<\/div> <!-- End .practise_item -->\n\n    <\/div> <!-- End .practise_item_wrapper -->\n<\/section>\n\n<!-- ========================= \/Practise Area Style Two =================== -->\n\n[vc_empty_space height=&#8221;20px&#8221;][vc_btn title=&#8221;Mais \u00e1reas&#8221; style=&#8221;custom&#8221; custom_background=&#8221;#253569&#8243; custom_text=&#8221;#ffffff&#8221; shape=&#8221;square&#8221; align=&#8221;center&#8221; el_class=&#8221;homepage-more-btn&#8221; link=&#8221;url:https%3A%2F%2Fscpt.com.mo%2Fpt-pt%2Fareas-de-actividade%2F|title:%C3%81reas%20de%20Actividade||&#8221;][\/vc_column][\/vc_row][vc_row el_class=&#8221;scpt-banner&#8221;][vc_column el_class=&#8221;homepage-about-us&#8221;]\n\n<!-- =================== We are Right Firm Style two ================= -->\n\n    <section class=\"right_firm container right_firm_style_two\">\n        <div class=\"title_holder_center title_holder\">\n            <p class=\"upper_title\"><\/p>\n            <h3>CONTACTE-<span class=\"firm\">NOS<\/span><\/h3>\n            <span><\/span>\n            <p>Estabelecemos uma rela\u00e7\u00e3o de longa data e de confian\u00e7a com os nossos clientes, que v\u00e3o desde o normal cidad\u00e3o a empresas, grandes sociedades e outros clientes institucionais, tanto locais e nacionais como internacionais\u2026<\/p>\n        <\/div> <!-- \/title_holder_center -->\n    <\/section>\n\n<!-- =================== \/We are Right Firm Style two  ================ -->\n\n[vc_empty_space height=&#8221;20px&#8221;][vc_btn title=&#8221;Onde estamos&#8221; style=&#8221;custom&#8221; custom_background=&#8221;#253569&#8243; custom_text=&#8221;#ffffff&#8221; shape=&#8221;square&#8221; align=&#8221;center&#8221; el_class=&#8221;homepage-more-btn&#8221; link=&#8221;url:https%3A%2F%2Fscpt.com.mo%2Fpt-pt%2Fcontactos%2F|title:Contactos||&#8221;][\/vc_column][\/vc_row][vc_row][vc_column][vc_empty_space height=&#8221;50px&#8221;][\/vc_column][\/vc_row]<\/p>\n","protected":false},"excerpt":{"rendered":"<p>[vc_row el_class=&#8221;banner&#8221;][vc_column el_class=&#8221;main_slider&#8221;][rev_slider_vc alias=&#8221;home-slider-pt&#8221;][\/vc_column][\/vc_row][vc_row el_class=&#8221;scpt-banner&#8221;][vc_column el_class=&#8221;homepage-about-us&#8221;][vc_empty_space height=&#8221;20px&#8221;][vc_btn title=&#8221;Ler mais&#8221; style=&#8221;custom&#8221; custom_background=&#8221;#253569&#8243; custom_text=&#8221;#ffffff&#8221; shape=&#8221;square&#8221; align=&#8221;center&#8221; el_class=&#8221;homepage-more-btn&#8221; link=&#8221;url:https%3A%2F%2Fscpt.com.mo%2Fpt-pt%2Fo-nosso-escritorio%2F|title:O%20Nosso%20Escrit%C3%B3rio||&#8221;][\/vc_column][\/vc_row][vc_row el_class=&#8221;scpt-banner&#8221;][vc_column css_animation=&#8221;none&#8221;][vc_empty_space height=&#8221;20px&#8221;][vc_btn title=&#8221;Ver mais&#8221; style=&#8221;custom&#8221; custom_background=&#8221;#253569&#8243; custom_text=&#8221;#ffffff&#8221; shape=&#8221;square&#8221; align=&#8221;center&#8221; el_class=&#8221;homepage-more-btn&#8221; link=&#8221;url:https%3A%2F%2Fscpt.com.mo%2Fpt-pt%2Fa-nossa-equipa%2F|title:A%20Nossa%20Equipa||&#8221;][\/vc_column][\/vc_row][vc_row][vc_column css_animation=&#8221;none&#8221;][vc_empty_space height=&#8221;20px&#8221;][vc_btn title=&#8221;Mais \u00e1reas&#8221; style=&#8221;custom&#8221; custom_background=&#8221;#253569&#8243; custom_text=&#8221;#ffffff&#8221; shape=&#8221;square&#8221; align=&#8221;center&#8221; el_class=&#8221;homepage-more-btn&#8221; link=&#8221;url:https%3A%2F%2Fscpt.com.mo%2Fpt-pt%2Fareas-de-actividade%2F|title:%C3%81reas%20de%20Actividade||&#8221;][\/vc_column][\/vc_row][vc_row el_class=&#8221;scpt-banner&#8221;][vc_column el_class=&#8221;homepage-about-us&#8221;][vc_empty_space height=&#8221;20px&#8221;][vc_btn title=&#8221;Onde estamos&#8221; style=&#8221;custom&#8221; custom_background=&#8221;#253569&#8243; custom_text=&#8221;#ffffff&#8221; shape=&#8221;square&#8221; align=&#8221;center&#8221; el_class=&#8221;homepage-more-btn&#8221; link=&#8221;url:https%3A%2F%2Fscpt.com.mo%2Fpt-pt%2Fcontactos%2F|title:Contactos||&#8221;][\/vc_column][\/vc_row][vc_row][vc_column][vc_empty_space height=&#8221;50px&#8221;][\/vc_column][\/vc_row]<\/p>\n","protected":false},"author":1,"featured_media":0,"parent":0,"menu_order":1,"comment_status":"closed","ping_status":"closed","template":"tpl-visual_composer.php","meta":{"footnotes":""},"class_list":["post-1107","page","type-page","status-publish","hentry"],"acf":[],"_links":{"self":[{"href":"https:\/\/scpt.com.mo\/pt-pt\/wp-json\/wp\/v2\/pages\/1107","targetHints":{"allow":["GET"]}}],"collection":[{"href":"https:\/\/scpt.com.mo\/pt-pt\/wp-json\/wp\/v2\/pages"}],"about":[{"href":"https:\/\/scpt.com.mo\/pt-pt\/wp-json\/wp\/v2\/types\/page"}],"author":[{"embeddable":true,"href":"https:\/\/scpt.com.mo\/pt-pt\/wp-json\/wp\/v2\/users\/1"}],"replies":[{"embeddable":true,"href":"https:\/\/scpt.com.mo\/pt-pt\/wp-json\/wp\/v2\/comments?post=1107"}],"version-history":[{"count":0,"href":"https:\/\/scpt.com.mo\/pt-pt\/wp-json\/wp\/v2\/pages\/1107\/revisions"}],"wp:attachment":[{"href":"https:\/\/scpt.com.mo\/pt-pt\/wp-json\/wp\/v2\/media?parent=1107"}],"curies":[{"name":"wp","href":"https:\/\/api.w.org\/{rel}","templated":true}]}}